{"id":1186,"date":"2025-10-12T21:57:49","date_gmt":"2025-10-12T19:57:49","guid":{"rendered":"https:\/\/sendersdecancosta.com\/?page_id=1186"},"modified":"2025-12-18T09:51:36","modified_gmt":"2025-12-18T07:51:36","slug":"imatges","status":"publish","type":"page","link":"https:\/\/sendersdecancosta.com\/index.php\/imatges\/","title":{"rendered":"Imatges"},"content":{"rendered":"\n<p><\/p>\n\n\n\n<h3 class=\"wp-block-heading\"><span style=\"text-decoration: underline;\">Edici\u00f3 2025<\/span><\/h3>\n\n\n\n<ul>\n<li><a href=\"https:\/\/www.flickr.com\/photos\/mikeladell\/albums\/72177720323754650\/\">Miquel Adell<\/a><\/li>\n\n\n\n<li><a href=\"https:\/\/drive.google.com\/drive\/folders\/1OrO98dCY6rFsYqZie1sJK2Qmtx2JIXyF?usp=drive_link\">Carolina Santos Torre<\/a><\/li>\n\n\n\n<li><a href=\"https:\/\/drive.google.com\/drive\/folders\/15FAQ6TMhMbL8XK8LsitzwA17Pqy2ZTsY?usp=drive_link\">Alex Fortuny Cabezas<\/a><\/li>\n\n\n\n<li><a href=\"https:\/\/drive.google.com\/drive\/folders\/1KDEcJ2oiR5Gj_vMowrlJidaPNHYFRYS2?usp=drive_link\">Toni Garc\u00eda<\/a><\/li>\n\n\n\n<li>David Mela: <a href=\"https:\/\/www.youtube.com\/watch?v=b4M7X2dN2yI\">v\u00eddeo<\/a> (&#8220;<em>Gu\u00eda a Roc\u00edo, de un ictus a correr por la monta\u00f1a&#8221;<\/em>)<\/li>\n<\/ul>\n\n\n\n<hr class=\"wp-block-separator has-alpha-channel-opacity\"\/>\n\n\n\n<h3 class=\"wp-block-heading\"><span style=\"text-decoration: underline;\">Edici\u00f3 2024<\/span><\/h3>\n\n\n\n<ul>\n<li>Miquel Adell: <a href=\"https:\/\/flic.kr\/s\/aHBqjBcovF\" target=\"_blank\" rel=\"noreferrer noopener\">\u00e0lbum 1<\/a>, <a href=\"https:\/\/flic.kr\/s\/aHBqjBcjbf\" target=\"_blank\" rel=\"noreferrer noopener\">\u00e0lbum 2<\/a><\/li>\n\n\n\n<li>Maria Mercedes Tirado Gonzalez: <a href=\"https:\/\/www.flickr.com\/gp\/199984977@N07\/99q4a1DK59\" target=\"_blank\" rel=\"noreferrer noopener\">\u00e0lbum 1<\/a><\/li>\n\n\n\n<li>Carolina Santos: <a href=\"https:\/\/flic.kr\/s\/aHBqjBcoWZ\" target=\"_blank\" rel=\"noreferrer noopener\">\u00e0lbum 1<\/a>, <a href=\"https:\/\/flic.kr\/s\/aHBqjBcwQG\" target=\"_blank\" rel=\"noreferrer noopener\">\u00e0lbum 2<\/a>, <a href=\"https:\/\/flic.kr\/s\/aHBqjBcxEc\" target=\"_blank\" rel=\"noreferrer noopener\">\u00e0lbum 3<\/a>, <a href=\"https:\/\/flic.kr\/s\/aHBqjBcrmS\" target=\"_blank\" rel=\"noreferrer noopener\">\u00e0lbum 4<\/a><\/li>\n<\/ul>\n\n\n\n<hr class=\"wp-block-separator has-alpha-channel-opacity\"\/>\n\n\n\n<h3 class=\"wp-block-heading\"><span style=\"text-decoration: underline;\">Edici\u00f3 2023<\/span><\/h3>\n\n\n\n<ul>\n<li><a data-type=\"link\" data-id=\"https:\/\/drive.google.com\/drive\/folders\/10gMY0GMHYyYVaQRI9fXsn_6ZvSNrhtmG?usp=sharing\" href=\"https:\/\/drive.google.com\/drive\/folders\/10gMY0GMHYyYVaQRI9fXsn_6ZvSNrhtmG?usp=sharing\" target=\"_blank\" rel=\"noreferrer noopener\">\u00c0lbum de fotos 1<\/a><\/li>\n\n\n\n<li><a data-type=\"link\" data-id=\"https:\/\/drive.google.com\/drive\/folders\/1As6L_b_ryD6_NE-T0kDInv6ew8S0Bhl_?usp=sharing\" href=\"https:\/\/drive.google.com\/drive\/folders\/1As6L_b_ryD6_NE-T0kDInv6ew8S0Bhl_?usp=sharing\" target=\"_blank\" rel=\"noreferrer noopener\">\u00c0lbum de fotos 2<\/a><\/li>\n\n\n\n<li><a data-type=\"link\" data-id=\"https:\/\/drive.google.com\/drive\/folders\/1LRuHZ4mVYCFZ1JxNKnn6qOFl5CgKzG0C?usp=sharing\" href=\"https:\/\/drive.google.com\/drive\/folders\/1LRuHZ4mVYCFZ1JxNKnn6qOFl5CgKzG0C?usp=sharing\" target=\"_blank\" rel=\"noreferrer noopener\">\u00c0lbum de fotos 3<\/a><\/li>\n<\/ul>\n\n\n\n<div style=\"height:100px\" aria-hidden=\"true\" class=\"wp-block-spacer\"><\/div>\n","protected":false},"excerpt":{"rendered":"<p>Edici\u00f3 2025 Edici\u00f3 2024 Edici\u00f3 2023<\/p>\n","protected":false},"author":1,"featured_media":0,"parent":0,"menu_order":0,"comment_status":"closed","ping_status":"closed","template":"","meta":{"footnotes":""},"yoast_head":"<!-- This site is optimized with the Yoast SEO plugin v21.3 - https:\/\/yoast.com\/wordpress\/plugins\/seo\/ -->\n<title>Imatges - sendersdecancosta.com<\/title>\n<meta name=\"robots\" content=\"index, follow, max-snippet:-1, max-image-preview:large, max-video-preview:-1\" \/>\n<link rel=\"canonical\" href=\"https:\/\/sendersdecancosta.com\/index.php\/imatges\/\" \/>\n<meta property=\"og:locale\" content=\"en_US\" \/>\n<meta property=\"og:type\" content=\"article\" \/>\n<meta property=\"og:title\" content=\"Imatges - sendersdecancosta.com\" \/>\n<meta property=\"og:description\" content=\"Edici\u00f3 2025 Edici\u00f3 2024 Edici\u00f3 2023\" \/>\n<meta property=\"og:url\" content=\"https:\/\/sendersdecancosta.com\/index.php\/imatges\/\" \/>\n<meta property=\"og:site_name\" content=\"sendersdecancosta.com\" \/>\n<meta property=\"article:publisher\" content=\"https:\/\/www.facebook.com\/santvicluc.ciclista.3\" \/>\n<meta property=\"article:modified_time\" content=\"2025-12-18T07:51:36+00:00\" \/>\n<meta name=\"twitter:card\" content=\"summary_large_image\" \/>\n<meta name=\"twitter:label1\" content=\"Est. reading time\" \/>\n\t<meta name=\"twitter:data1\" content=\"1 minute\" \/>\n<script type=\"application\/ld+json\" class=\"yoast-schema-graph\">{\"@context\":\"https:\/\/schema.org\",\"@graph\":[{\"@type\":\"WebPage\",\"@id\":\"https:\/\/sendersdecancosta.com\/index.php\/imatges\/\",\"url\":\"https:\/\/sendersdecancosta.com\/index.php\/imatges\/\",\"name\":\"Imatges - sendersdecancosta.com\",\"isPartOf\":{\"@id\":\"https:\/\/sendersdecancosta.com\/#website\"},\"datePublished\":\"2025-10-12T19:57:49+00:00\",\"dateModified\":\"2025-12-18T07:51:36+00:00\",\"breadcrumb\":{\"@id\":\"https:\/\/sendersdecancosta.com\/index.php\/imatges\/#breadcrumb\"},\"inLanguage\":\"en-US\",\"potentialAction\":[{\"@type\":\"ReadAction\",\"target\":[\"https:\/\/sendersdecancosta.com\/index.php\/imatges\/\"]}]},{\"@type\":\"BreadcrumbList\",\"@id\":\"https:\/\/sendersdecancosta.com\/index.php\/imatges\/#breadcrumb\",\"itemListElement\":[{\"@type\":\"ListItem\",\"position\":1,\"name\":\"Home\",\"item\":\"https:\/\/sendersdecancosta.com\/\"},{\"@type\":\"ListItem\",\"position\":2,\"name\":\"Imatges\"}]},{\"@type\":\"WebSite\",\"@id\":\"https:\/\/sendersdecancosta.com\/#website\",\"url\":\"https:\/\/sendersdecancosta.com\/\",\"name\":\"www.sendersdecancosta.com\",\"description\":\"Cursa de Trail Running a Sant Vicen\u00e7 dels Horts\",\"publisher\":{\"@id\":\"https:\/\/sendersdecancosta.com\/#organization\"},\"potentialAction\":[{\"@type\":\"SearchAction\",\"target\":{\"@type\":\"EntryPoint\",\"urlTemplate\":\"https:\/\/sendersdecancosta.com\/?s={search_term_string}\"},\"query-input\":\"required name=search_term_string\"}],\"inLanguage\":\"en-US\"},{\"@type\":\"Organization\",\"@id\":\"https:\/\/sendersdecancosta.com\/#organization\",\"name\":\"Club Esportiu Santvi\",\"url\":\"https:\/\/sendersdecancosta.com\/\",\"logo\":{\"@type\":\"ImageObject\",\"inLanguage\":\"en-US\",\"@id\":\"https:\/\/sendersdecancosta.com\/#\/schema\/logo\/image\/\",\"url\":\"https:\/\/sendersdecancosta.com\/wp-content\/uploads\/2023\/08\/cropped-logo_white_transparent.png\",\"contentUrl\":\"https:\/\/sendersdecancosta.com\/wp-content\/uploads\/2023\/08\/cropped-logo_white_transparent.png\",\"width\":500,\"height\":257,\"caption\":\"Club Esportiu Santvi\"},\"image\":{\"@id\":\"https:\/\/sendersdecancosta.com\/#\/schema\/logo\/image\/\"},\"sameAs\":[\"https:\/\/www.facebook.com\/santvicluc.ciclista.3\",\"https:\/\/www.instagram.com\/clubesportiusantvi\"]}]}<\/script>\n<!-- \/ Yoast SEO plugin. -->","yoast_head_json":{"title":"Imatges - sendersdecancosta.com","robots":{"index":"index","follow":"follow","max-snippet":"max-snippet:-1","max-image-preview":"max-image-preview:large","max-video-preview":"max-video-preview:-1"},"canonical":"https:\/\/sendersdecancosta.com\/index.php\/imatges\/","og_locale":"en_US","og_type":"article","og_title":"Imatges - sendersdecancosta.com","og_description":"Edici\u00f3 2025 Edici\u00f3 2024 Edici\u00f3 2023","og_url":"https:\/\/sendersdecancosta.com\/index.php\/imatges\/","og_site_name":"sendersdecancosta.com","article_publisher":"https:\/\/www.facebook.com\/santvicluc.ciclista.3","article_modified_time":"2025-12-18T07:51:36+00:00","twitter_card":"summary_large_image","twitter_misc":{"Est. reading time":"1 minute"},"schema":{"@context":"https:\/\/schema.org","@graph":[{"@type":"WebPage","@id":"https:\/\/sendersdecancosta.com\/index.php\/imatges\/","url":"https:\/\/sendersdecancosta.com\/index.php\/imatges\/","name":"Imatges - sendersdecancosta.com","isPartOf":{"@id":"https:\/\/sendersdecancosta.com\/#website"},"datePublished":"2025-10-12T19:57:49+00:00","dateModified":"2025-12-18T07:51:36+00:00","breadcrumb":{"@id":"https:\/\/sendersdecancosta.com\/index.php\/imatges\/#breadcrumb"},"inLanguage":"en-US","potentialAction":[{"@type":"ReadAction","target":["https:\/\/sendersdecancosta.com\/index.php\/imatges\/"]}]},{"@type":"BreadcrumbList","@id":"https:\/\/sendersdecancosta.com\/index.php\/imatges\/#breadcrumb","itemListElement":[{"@type":"ListItem","position":1,"name":"Home","item":"https:\/\/sendersdecancosta.com\/"},{"@type":"ListItem","position":2,"name":"Imatges"}]},{"@type":"WebSite","@id":"https:\/\/sendersdecancosta.com\/#website","url":"https:\/\/sendersdecancosta.com\/","name":"www.sendersdecancosta.com","description":"Cursa de Trail Running a Sant Vicen\u00e7 dels Horts","publisher":{"@id":"https:\/\/sendersdecancosta.com\/#organization"},"potentialAction":[{"@type":"SearchAction","target":{"@type":"EntryPoint","urlTemplate":"https:\/\/sendersdecancosta.com\/?s={search_term_string}"},"query-input":"required name=search_term_string"}],"inLanguage":"en-US"},{"@type":"Organization","@id":"https:\/\/sendersdecancosta.com\/#organization","name":"Club Esportiu Santvi","url":"https:\/\/sendersdecancosta.com\/","logo":{"@type":"ImageObject","inLanguage":"en-US","@id":"https:\/\/sendersdecancosta.com\/#\/schema\/logo\/image\/","url":"https:\/\/sendersdecancosta.com\/wp-content\/uploads\/2023\/08\/cropped-logo_white_transparent.png","contentUrl":"https:\/\/sendersdecancosta.com\/wp-content\/uploads\/2023\/08\/cropped-logo_white_transparent.png","width":500,"height":257,"caption":"Club Esportiu Santvi"},"image":{"@id":"https:\/\/sendersdecancosta.com\/#\/schema\/logo\/image\/"},"sameAs":["https:\/\/www.facebook.com\/santvicluc.ciclista.3","https:\/\/www.instagram.com\/clubesportiusantvi"]}]}},"_links":{"self":[{"href":"https:\/\/sendersdecancosta.com\/index.php\/wp-json\/wp\/v2\/pages\/1186"}],"collection":[{"href":"https:\/\/sendersdecancosta.com\/index.php\/wp-json\/wp\/v2\/pages"}],"about":[{"href":"https:\/\/sendersdecancosta.com\/index.php\/wp-json\/wp\/v2\/types\/page"}],"author":[{"embeddable":true,"href":"https:\/\/sendersdecancosta.com\/index.php\/wp-json\/wp\/v2\/users\/1"}],"replies":[{"embeddable":true,"href":"https:\/\/sendersdecancosta.com\/index.php\/wp-json\/wp\/v2\/comments?post=1186"}],"version-history":[{"count":6,"href":"https:\/\/sendersdecancosta.com\/index.php\/wp-json\/wp\/v2\/pages\/1186\/revisions"}],"predecessor-version":[{"id":1230,"href":"https:\/\/sendersdecancosta.com\/index.php\/wp-json\/wp\/v2\/pages\/1186\/revisions\/1230"}],"wp:attachment":[{"href":"https:\/\/sendersdecancosta.com\/index.php\/wp-json\/wp\/v2\/media?parent=1186"}],"curies":[{"name":"wp","href":"https:\/\/api.w.org\/{rel}","templated":true}]}}