{"id":218,"date":"2020-05-12T03:43:04","date_gmt":"2020-05-12T03:43:04","guid":{"rendered":"https:\/\/sendersdecancosta.com\/index.php\/about\/"},"modified":"2025-10-12T21:58:09","modified_gmt":"2025-10-12T19:58:09","slug":"resultats","status":"publish","type":"page","link":"https:\/\/sendersdecancosta.com\/index.php\/resultats\/","title":{"rendered":"Resultats"},"content":{"rendered":"\n<p><\/p>\n\n\n\n<h3 class=\"wp-block-heading\"><span style=\"text-decoration: underline;\">Edici\u00f3 2025<\/span><\/h3>\n\n\n\n<p><a href=\"https:\/\/xipgroc.cat\/ca\/curses\/CanCosta2025\/21k\/resultats\">Classificaci\u00f3 Trail 21Km<\/a><\/p>\n\n\n\n<p><a href=\"https:\/\/xipgroc.cat\/ca\/curses\/CanCosta2025\/13k\/resultats\">Classificaci\u00f3 Express 13Km<\/a><\/p>\n\n\n\n<hr class=\"wp-block-separator has-alpha-channel-opacity\"\/>\n\n\n\n<h3 class=\"wp-block-heading\"><span style=\"text-decoration: underline;\">Edici\u00f3 2024<\/span><\/h3>\n\n\n\n<p><a href=\"https:\/\/xipgroc.cat\/ca\/curses\/CanCosta2024\/18k\/resultats\" target=\"_blank\" rel=\"noopener\">Classificaci\u00f3 Trail 18Km<\/a><\/p>\n\n\n\n<p><a href=\"https:\/\/xipgroc.cat\/ca\/curses\/CanCosta2024\/10k\/resultats\" target=\"_blank\" rel=\"noopener\">Classificaci\u00f3 Express 10Km<\/a><\/p>\n\n\n\n<hr class=\"wp-block-separator has-alpha-channel-opacity\"\/>\n\n\n\n<h3 class=\"wp-block-heading\"><span style=\"text-decoration: underline;\">Edici\u00f3 2023<\/span><\/h3>\n\n\n\n<p><a data-type=\"link\" data-id=\"https:\/\/www.dsport.cat\/ca\/classificacions2.php?nom_cursa=3%C2%AA+LA+SENDERS+DE+CAN+COSTA&amp;id_cursa=657\" href=\"https:\/\/www.dsport.cat\/ca\/classificacions2.php?nom_cursa=3%C2%AA+LA+SENDERS+DE+CAN+COSTA&amp;id_cursa=657\" target=\"_blank\" rel=\"noreferrer noopener\">Classificacions oficials<\/a><\/p>\n\n\n\n<div style=\"height:100px\" aria-hidden=\"true\" class=\"wp-block-spacer\"><\/div>\n","protected":false},"excerpt":{"rendered":"<p>Edici\u00f3 2025 Classificaci\u00f3 Trail 21Km Classificaci\u00f3 Express 13Km Edici\u00f3 2024 Classificaci\u00f3 Trail 18Km Classificaci\u00f3 Express 10Km Edici\u00f3 2023 Classificacions oficials<\/p>\n","protected":false},"author":1,"featured_media":0,"parent":0,"menu_order":0,"comment_status":"closed","ping_status":"closed","template":"","meta":{"footnotes":""},"yoast_head":"<!-- This site is optimized with the Yoast SEO plugin v21.3 - https:\/\/yoast.com\/wordpress\/plugins\/seo\/ -->\n<title>Resultats - sendersdecancosta.com<\/title>\n<meta name=\"robots\" content=\"index, follow, max-snippet:-1, max-image-preview:large, max-video-preview:-1\" \/>\n<link rel=\"canonical\" href=\"https:\/\/sendersdecancosta.com\/index.php\/resultats\/\" \/>\n<meta property=\"og:locale\" content=\"en_US\" \/>\n<meta property=\"og:type\" content=\"article\" \/>\n<meta property=\"og:title\" content=\"Resultats - sendersdecancosta.com\" \/>\n<meta property=\"og:description\" content=\"Edici\u00f3 2025 Classificaci\u00f3 Trail 21Km Classificaci\u00f3 Express 13Km Edici\u00f3 2024 Classificaci\u00f3 Trail 18Km Classificaci\u00f3 Express 10Km Edici\u00f3 2023 Classificacions oficials\" \/>\n<meta property=\"og:url\" content=\"https:\/\/sendersdecancosta.com\/index.php\/resultats\/\" \/>\n<meta property=\"og:site_name\" content=\"sendersdecancosta.com\" \/>\n<meta property=\"article:publisher\" content=\"https:\/\/www.facebook.com\/santvicluc.ciclista.3\" \/>\n<meta property=\"article:modified_time\" content=\"2025-10-12T19:58:09+00:00\" \/>\n<meta name=\"twitter:card\" content=\"summary_large_image\" \/>\n<meta name=\"twitter:label1\" content=\"Est. reading time\" \/>\n\t<meta name=\"twitter:data1\" content=\"1 minute\" \/>\n<script type=\"application\/ld+json\" class=\"yoast-schema-graph\">{\"@context\":\"https:\/\/schema.org\",\"@graph\":[{\"@type\":\"WebPage\",\"@id\":\"https:\/\/sendersdecancosta.com\/index.php\/resultats\/\",\"url\":\"https:\/\/sendersdecancosta.com\/index.php\/resultats\/\",\"name\":\"Resultats - sendersdecancosta.com\",\"isPartOf\":{\"@id\":\"https:\/\/sendersdecancosta.com\/#website\"},\"datePublished\":\"2020-05-12T03:43:04+00:00\",\"dateModified\":\"2025-10-12T19:58:09+00:00\",\"breadcrumb\":{\"@id\":\"https:\/\/sendersdecancosta.com\/index.php\/resultats\/#breadcrumb\"},\"inLanguage\":\"en-US\",\"potentialAction\":[{\"@type\":\"ReadAction\",\"target\":[\"https:\/\/sendersdecancosta.com\/index.php\/resultats\/\"]}]},{\"@type\":\"BreadcrumbList\",\"@id\":\"https:\/\/sendersdecancosta.com\/index.php\/resultats\/#breadcrumb\",\"itemListElement\":[{\"@type\":\"ListItem\",\"position\":1,\"name\":\"Home\",\"item\":\"https:\/\/sendersdecancosta.com\/\"},{\"@type\":\"ListItem\",\"position\":2,\"name\":\"Resultats\"}]},{\"@type\":\"WebSite\",\"@id\":\"https:\/\/sendersdecancosta.com\/#website\",\"url\":\"https:\/\/sendersdecancosta.com\/\",\"name\":\"www.sendersdecancosta.com\",\"description\":\"Cursa de Trail Running a Sant Vicen\u00e7 dels Horts\",\"publisher\":{\"@id\":\"https:\/\/sendersdecancosta.com\/#organization\"},\"potentialAction\":[{\"@type\":\"SearchAction\",\"target\":{\"@type\":\"EntryPoint\",\"urlTemplate\":\"https:\/\/sendersdecancosta.com\/?s={search_term_string}\"},\"query-input\":\"required name=search_term_string\"}],\"inLanguage\":\"en-US\"},{\"@type\":\"Organization\",\"@id\":\"https:\/\/sendersdecancosta.com\/#organization\",\"name\":\"Club Esportiu Santvi\",\"url\":\"https:\/\/sendersdecancosta.com\/\",\"logo\":{\"@type\":\"ImageObject\",\"inLanguage\":\"en-US\",\"@id\":\"https:\/\/sendersdecancosta.com\/#\/schema\/logo\/image\/\",\"url\":\"https:\/\/sendersdecancosta.com\/wp-content\/uploads\/2023\/08\/cropped-logo_white_transparent.png\",\"contentUrl\":\"https:\/\/sendersdecancosta.com\/wp-content\/uploads\/2023\/08\/cropped-logo_white_transparent.png\",\"width\":500,\"height\":257,\"caption\":\"Club Esportiu Santvi\"},\"image\":{\"@id\":\"https:\/\/sendersdecancosta.com\/#\/schema\/logo\/image\/\"},\"sameAs\":[\"https:\/\/www.facebook.com\/santvicluc.ciclista.3\",\"https:\/\/www.instagram.com\/clubesportiusantvi\"]}]}<\/script>\n<!-- \/ Yoast SEO plugin. -->","yoast_head_json":{"title":"Resultats - sendersdecancosta.com","robots":{"index":"index","follow":"follow","max-snippet":"max-snippet:-1","max-image-preview":"max-image-preview:large","max-video-preview":"max-video-preview:-1"},"canonical":"https:\/\/sendersdecancosta.com\/index.php\/resultats\/","og_locale":"en_US","og_type":"article","og_title":"Resultats - sendersdecancosta.com","og_description":"Edici\u00f3 2025 Classificaci\u00f3 Trail 21Km Classificaci\u00f3 Express 13Km Edici\u00f3 2024 Classificaci\u00f3 Trail 18Km Classificaci\u00f3 Express 10Km Edici\u00f3 2023 Classificacions oficials","og_url":"https:\/\/sendersdecancosta.com\/index.php\/resultats\/","og_site_name":"sendersdecancosta.com","article_publisher":"https:\/\/www.facebook.com\/santvicluc.ciclista.3","article_modified_time":"2025-10-12T19:58:09+00:00","twitter_card":"summary_large_image","twitter_misc":{"Est. reading time":"1 minute"},"schema":{"@context":"https:\/\/schema.org","@graph":[{"@type":"WebPage","@id":"https:\/\/sendersdecancosta.com\/index.php\/resultats\/","url":"https:\/\/sendersdecancosta.com\/index.php\/resultats\/","name":"Resultats - sendersdecancosta.com","isPartOf":{"@id":"https:\/\/sendersdecancosta.com\/#website"},"datePublished":"2020-05-12T03:43:04+00:00","dateModified":"2025-10-12T19:58:09+00:00","breadcrumb":{"@id":"https:\/\/sendersdecancosta.com\/index.php\/resultats\/#breadcrumb"},"inLanguage":"en-US","potentialAction":[{"@type":"ReadAction","target":["https:\/\/sendersdecancosta.com\/index.php\/resultats\/"]}]},{"@type":"BreadcrumbList","@id":"https:\/\/sendersdecancosta.com\/index.php\/resultats\/#breadcrumb","itemListElement":[{"@type":"ListItem","position":1,"name":"Home","item":"https:\/\/sendersdecancosta.com\/"},{"@type":"ListItem","position":2,"name":"Resultats"}]},{"@type":"WebSite","@id":"https:\/\/sendersdecancosta.com\/#website","url":"https:\/\/sendersdecancosta.com\/","name":"www.sendersdecancosta.com","description":"Cursa de Trail Running a Sant Vicen\u00e7 dels Horts","publisher":{"@id":"https:\/\/sendersdecancosta.com\/#organization"},"potentialAction":[{"@type":"SearchAction","target":{"@type":"EntryPoint","urlTemplate":"https:\/\/sendersdecancosta.com\/?s={search_term_string}"},"query-input":"required name=search_term_string"}],"inLanguage":"en-US"},{"@type":"Organization","@id":"https:\/\/sendersdecancosta.com\/#organization","name":"Club Esportiu Santvi","url":"https:\/\/sendersdecancosta.com\/","logo":{"@type":"ImageObject","inLanguage":"en-US","@id":"https:\/\/sendersdecancosta.com\/#\/schema\/logo\/image\/","url":"https:\/\/sendersdecancosta.com\/wp-content\/uploads\/2023\/08\/cropped-logo_white_transparent.png","contentUrl":"https:\/\/sendersdecancosta.com\/wp-content\/uploads\/2023\/08\/cropped-logo_white_transparent.png","width":500,"height":257,"caption":"Club Esportiu Santvi"},"image":{"@id":"https:\/\/sendersdecancosta.com\/#\/schema\/logo\/image\/"},"sameAs":["https:\/\/www.facebook.com\/santvicluc.ciclista.3","https:\/\/www.instagram.com\/clubesportiusantvi"]}]}},"_links":{"self":[{"href":"https:\/\/sendersdecancosta.com\/index.php\/wp-json\/wp\/v2\/pages\/218"}],"collection":[{"href":"https:\/\/sendersdecancosta.com\/index.php\/wp-json\/wp\/v2\/pages"}],"about":[{"href":"https:\/\/sendersdecancosta.com\/index.php\/wp-json\/wp\/v2\/types\/page"}],"author":[{"embeddable":true,"href":"https:\/\/sendersdecancosta.com\/index.php\/wp-json\/wp\/v2\/users\/1"}],"replies":[{"embeddable":true,"href":"https:\/\/sendersdecancosta.com\/index.php\/wp-json\/wp\/v2\/comments?post=218"}],"version-history":[{"count":10,"href":"https:\/\/sendersdecancosta.com\/index.php\/wp-json\/wp\/v2\/pages\/218\/revisions"}],"predecessor-version":[{"id":1190,"href":"https:\/\/sendersdecancosta.com\/index.php\/wp-json\/wp\/v2\/pages\/218\/revisions\/1190"}],"wp:attachment":[{"href":"https:\/\/sendersdecancosta.com\/index.php\/wp-json\/wp\/v2\/media?parent=218"}],"curies":[{"name":"wp","href":"https:\/\/api.w.org\/{rel}","templated":true}]}}