{"id":915,"date":"2023-09-04T23:04:18","date_gmt":"2023-09-04T21:04:18","guid":{"rendered":"https:\/\/sendersdecancosta.com\/?page_id=915"},"modified":"2026-01-09T14:57:40","modified_gmt":"2026-01-09T12:57:40","slug":"inscripcions","status":"publish","type":"page","link":"https:\/\/sendersdecancosta.com\/index.php\/inscripcions\/","title":{"rendered":"Inscripcions"},"content":{"rendered":"\n<p>La inscripci\u00f3 es podr\u00e0 efectuar pr\u00f2ximament a trav\u00e9s d&#8217;internet al web de <strong><a href=\"https:\/\/xipgroc.cat\/?locale=ca\">xipgroc.cat<\/a><\/strong>.<\/p>\n\n\n\n<p><a href=\"https:\/\/xipgroc.cat\/ca\/curses\/CanCosta2026\/21k\/inscripcio\/trail\">Inscripcions Trail 21Km<\/a><\/p>\n\n\n\n<p><a href=\"https:\/\/xipgroc.cat\/ca\/curses\/CanCosta2026\/13k\/inscripcio\/express\">Inscripcions Express 13Km<\/a><\/p>\n\n\n\n<p>Les inscripcions es tancar\u00e0n el dia <strong>18 de Maig del 202<\/strong>6 a les 23:59 o en arribar als participants m\u00e0xims establerts per la organitzaci\u00f3 (200 participants en la Trail 21Km i 150 en la Express 13Km). <\/p>\n\n\n<div class=\"wp-block-image\">\n<figure class=\"aligncenter size-large is-resized\"><img decoding=\"async\" loading=\"lazy\" width=\"1024\" height=\"444\" src=\"https:\/\/sendersdecancosta.com\/wp-content\/uploads\/2025\/10\/preus-1024x444.png\" alt=\"\" class=\"wp-image-1181\" style=\"aspect-ratio:2.265486725663717;width:505px;height:auto\" srcset=\"https:\/\/sendersdecancosta.com\/wp-content\/uploads\/2025\/10\/preus-1024x444.png 1024w, https:\/\/sendersdecancosta.com\/wp-content\/uploads\/2025\/10\/preus-300x130.png 300w, https:\/\/sendersdecancosta.com\/wp-content\/uploads\/2025\/10\/preus-768x333.png 768w, https:\/\/sendersdecancosta.com\/wp-content\/uploads\/2025\/10\/preus.png 1038w\" sizes=\"(max-width: 1024px) 100vw, 1024px\" \/><\/figure><\/div>\n\n\n<p><small><strong>* FCA\/RFEA = Federaci\u00f3 Catalana d\u2019Atletisme \/ Real Federaci\u00f3n Espa\u00f1ola de Atletismo<\/strong><\/small><\/p>\n\n\n\n<p>L&#8217;organitzaci\u00f3 es reserva 10 dorsals de cada cursa per compromisos, errades d&#8217;inscripcions, etc.<\/p>\n\n\n\n<p>No es podr\u00e0n fer inscripcions presencials. No es permetr\u00e0 la inscripci\u00f3 o participaci\u00f3 a menors de 16 anys en la cursa de 13km ni de 18 anys a la cursa de 21km. En qualsevol cas, els menors de 18 anys hauran d&#8217;aportar una autoritzaci\u00f3 del seu pare, mare o tutor legal per a poder participar en la cursa.<\/p>\n\n\n\n<div class=\"wp-block-buttons is-content-justification-center is-layout-flex wp-container-1 wp-block-buttons-is-layout-flex\"><\/div>\n\n\n\n<div style=\"height:100px\" aria-hidden=\"true\" class=\"wp-block-spacer\"><\/div>\n","protected":false},"excerpt":{"rendered":"<p>La inscripci\u00f3 es podr\u00e0 efectuar pr\u00f2ximament a trav\u00e9s d&#8217;internet al web de xipgroc.cat. Inscripcions Trail 21Km Inscripcions Express 13Km Les inscripcions es tancar\u00e0n el dia 18 de Maig del 2026 a les 23:59 o en arribar als participants m\u00e0xims establerts per la organitzaci\u00f3 (200 participants en la Trail 21Km i 150 en la Express 13Km). &hellip; <\/p>\n<p class=\"link-more\"><a href=\"https:\/\/sendersdecancosta.com\/index.php\/inscripcions\/\" class=\"more-link\">Read more<span class=\"screen-reader-text\"> &#8220;Inscripcions&#8221;<\/span><\/a><\/p>\n","protected":false},"author":1,"featured_media":0,"parent":0,"menu_order":0,"comment_status":"closed","ping_status":"closed","template":"","meta":{"footnotes":""},"yoast_head":"<!-- This site is optimized with the Yoast SEO plugin v21.3 - https:\/\/yoast.com\/wordpress\/plugins\/seo\/ -->\n<title>Inscripcions - sendersdecancosta.com<\/title>\n<meta name=\"description\" content=\"Les inscripcions s&#039;obrir\u00e0n el 31 d&#039;Octubre del 2023 i es tancar\u00e0n el dia 23 de Gener del 2024 a les 23:59 o en arribar als 500 participants entre totes les categories. No es podr\u00e0n fer inscripcions presencials.No es permetr\u00e0 la inscripci\u00f3 o participaci\u00f3 a menors de 16 anys en la cursa de 10km ni de 18 anys a la cursa de 18km. En qualsevol cas, els menors de 18 anys hauran d&#039;aportar una autoritzaci\u00f3 del seu pare, mare o tutor legal per a poder participar en la cursa.\" \/>\n<meta name=\"robots\" content=\"index, follow, max-snippet:-1, max-image-preview:large, max-video-preview:-1\" \/>\n<link rel=\"canonical\" href=\"https:\/\/sendersdecancosta.com\/index.php\/inscripcions\/\" \/>\n<meta property=\"og:locale\" content=\"en_US\" \/>\n<meta property=\"og:type\" content=\"article\" \/>\n<meta property=\"og:title\" content=\"Inscripcions - sendersdecancosta.com\" \/>\n<meta property=\"og:description\" content=\"Les inscripcions s&#039;obrir\u00e0n el 31 d&#039;Octubre del 2023 i es tancar\u00e0n el dia 23 de Gener del 2024 a les 23:59 o en arribar als 500 participants entre totes les categories. No es podr\u00e0n fer inscripcions presencials.No es permetr\u00e0 la inscripci\u00f3 o participaci\u00f3 a menors de 16 anys en la cursa de 10km ni de 18 anys a la cursa de 18km. En qualsevol cas, els menors de 18 anys hauran d&#039;aportar una autoritzaci\u00f3 del seu pare, mare o tutor legal per a poder participar en la cursa.\" \/>\n<meta property=\"og:url\" content=\"https:\/\/sendersdecancosta.com\/index.php\/inscripcions\/\" \/>\n<meta property=\"og:site_name\" content=\"sendersdecancosta.com\" \/>\n<meta property=\"article:publisher\" content=\"https:\/\/www.facebook.com\/santvicluc.ciclista.3\" \/>\n<meta property=\"article:modified_time\" content=\"2026-01-09T12:57:40+00:00\" \/>\n<meta property=\"og:image\" content=\"https:\/\/sendersdecancosta.com\/wp-content\/uploads\/2025\/10\/preus-1024x444.png\" \/>\n<meta name=\"twitter:card\" content=\"summary_large_image\" \/>\n<meta name=\"twitter:label1\" content=\"Est. reading time\" \/>\n\t<meta name=\"twitter:data1\" content=\"1 minute\" \/>\n<script type=\"application\/ld+json\" class=\"yoast-schema-graph\">{\"@context\":\"https:\/\/schema.org\",\"@graph\":[{\"@type\":\"WebPage\",\"@id\":\"https:\/\/sendersdecancosta.com\/index.php\/inscripcions\/\",\"url\":\"https:\/\/sendersdecancosta.com\/index.php\/inscripcions\/\",\"name\":\"Inscripcions - sendersdecancosta.com\",\"isPartOf\":{\"@id\":\"https:\/\/sendersdecancosta.com\/#website\"},\"datePublished\":\"2023-09-04T21:04:18+00:00\",\"dateModified\":\"2026-01-09T12:57:40+00:00\",\"description\":\"Les inscripcions s'obrir\u00e0n el 31 d'Octubre del 2023 i es tancar\u00e0n el dia 23 de Gener del 2024 a les 23:59 o en arribar als 500 participants entre totes les categories. No es podr\u00e0n fer inscripcions presencials.No es permetr\u00e0 la inscripci\u00f3 o participaci\u00f3 a menors de 16 anys en la cursa de 10km ni de 18 anys a la cursa de 18km. En qualsevol cas, els menors de 18 anys hauran d'aportar una autoritzaci\u00f3 del seu pare, mare o tutor legal per a poder participar en la cursa.\",\"breadcrumb\":{\"@id\":\"https:\/\/sendersdecancosta.com\/index.php\/inscripcions\/#breadcrumb\"},\"inLanguage\":\"en-US\",\"potentialAction\":[{\"@type\":\"ReadAction\",\"target\":[\"https:\/\/sendersdecancosta.com\/index.php\/inscripcions\/\"]}]},{\"@type\":\"BreadcrumbList\",\"@id\":\"https:\/\/sendersdecancosta.com\/index.php\/inscripcions\/#breadcrumb\",\"itemListElement\":[{\"@type\":\"ListItem\",\"position\":1,\"name\":\"Home\",\"item\":\"https:\/\/sendersdecancosta.com\/\"},{\"@type\":\"ListItem\",\"position\":2,\"name\":\"Inscripcions\"}]},{\"@type\":\"WebSite\",\"@id\":\"https:\/\/sendersdecancosta.com\/#website\",\"url\":\"https:\/\/sendersdecancosta.com\/\",\"name\":\"www.sendersdecancosta.com\",\"description\":\"Cursa de Trail Running a Sant Vicen\u00e7 dels Horts\",\"publisher\":{\"@id\":\"https:\/\/sendersdecancosta.com\/#organization\"},\"potentialAction\":[{\"@type\":\"SearchAction\",\"target\":{\"@type\":\"EntryPoint\",\"urlTemplate\":\"https:\/\/sendersdecancosta.com\/?s={search_term_string}\"},\"query-input\":\"required name=search_term_string\"}],\"inLanguage\":\"en-US\"},{\"@type\":\"Organization\",\"@id\":\"https:\/\/sendersdecancosta.com\/#organization\",\"name\":\"Club Esportiu Santvi\",\"url\":\"https:\/\/sendersdecancosta.com\/\",\"logo\":{\"@type\":\"ImageObject\",\"inLanguage\":\"en-US\",\"@id\":\"https:\/\/sendersdecancosta.com\/#\/schema\/logo\/image\/\",\"url\":\"https:\/\/sendersdecancosta.com\/wp-content\/uploads\/2023\/08\/cropped-logo_white_transparent.png\",\"contentUrl\":\"https:\/\/sendersdecancosta.com\/wp-content\/uploads\/2023\/08\/cropped-logo_white_transparent.png\",\"width\":500,\"height\":257,\"caption\":\"Club Esportiu Santvi\"},\"image\":{\"@id\":\"https:\/\/sendersdecancosta.com\/#\/schema\/logo\/image\/\"},\"sameAs\":[\"https:\/\/www.facebook.com\/santvicluc.ciclista.3\",\"https:\/\/www.instagram.com\/clubesportiusantvi\"]}]}<\/script>\n<!-- \/ Yoast SEO plugin. -->","yoast_head_json":{"title":"Inscripcions - sendersdecancosta.com","description":"Les inscripcions s'obrir\u00e0n el 31 d'Octubre del 2023 i es tancar\u00e0n el dia 23 de Gener del 2024 a les 23:59 o en arribar als 500 participants entre totes les categories. No es podr\u00e0n fer inscripcions presencials.No es permetr\u00e0 la inscripci\u00f3 o participaci\u00f3 a menors de 16 anys en la cursa de 10km ni de 18 anys a la cursa de 18km. En qualsevol cas, els menors de 18 anys hauran d'aportar una autoritzaci\u00f3 del seu pare, mare o tutor legal per a poder participar en la cursa.","robots":{"index":"index","follow":"follow","max-snippet":"max-snippet:-1","max-image-preview":"max-image-preview:large","max-video-preview":"max-video-preview:-1"},"canonical":"https:\/\/sendersdecancosta.com\/index.php\/inscripcions\/","og_locale":"en_US","og_type":"article","og_title":"Inscripcions - sendersdecancosta.com","og_description":"Les inscripcions s'obrir\u00e0n el 31 d'Octubre del 2023 i es tancar\u00e0n el dia 23 de Gener del 2024 a les 23:59 o en arribar als 500 participants entre totes les categories. No es podr\u00e0n fer inscripcions presencials.No es permetr\u00e0 la inscripci\u00f3 o participaci\u00f3 a menors de 16 anys en la cursa de 10km ni de 18 anys a la cursa de 18km. En qualsevol cas, els menors de 18 anys hauran d'aportar una autoritzaci\u00f3 del seu pare, mare o tutor legal per a poder participar en la cursa.","og_url":"https:\/\/sendersdecancosta.com\/index.php\/inscripcions\/","og_site_name":"sendersdecancosta.com","article_publisher":"https:\/\/www.facebook.com\/santvicluc.ciclista.3","article_modified_time":"2026-01-09T12:57:40+00:00","og_image":[{"url":"https:\/\/sendersdecancosta.com\/wp-content\/uploads\/2025\/10\/preus-1024x444.png"}],"twitter_card":"summary_large_image","twitter_misc":{"Est. reading time":"1 minute"},"schema":{"@context":"https:\/\/schema.org","@graph":[{"@type":"WebPage","@id":"https:\/\/sendersdecancosta.com\/index.php\/inscripcions\/","url":"https:\/\/sendersdecancosta.com\/index.php\/inscripcions\/","name":"Inscripcions - sendersdecancosta.com","isPartOf":{"@id":"https:\/\/sendersdecancosta.com\/#website"},"datePublished":"2023-09-04T21:04:18+00:00","dateModified":"2026-01-09T12:57:40+00:00","description":"Les inscripcions s'obrir\u00e0n el 31 d'Octubre del 2023 i es tancar\u00e0n el dia 23 de Gener del 2024 a les 23:59 o en arribar als 500 participants entre totes les categories. No es podr\u00e0n fer inscripcions presencials.No es permetr\u00e0 la inscripci\u00f3 o participaci\u00f3 a menors de 16 anys en la cursa de 10km ni de 18 anys a la cursa de 18km. En qualsevol cas, els menors de 18 anys hauran d'aportar una autoritzaci\u00f3 del seu pare, mare o tutor legal per a poder participar en la cursa.","breadcrumb":{"@id":"https:\/\/sendersdecancosta.com\/index.php\/inscripcions\/#breadcrumb"},"inLanguage":"en-US","potentialAction":[{"@type":"ReadAction","target":["https:\/\/sendersdecancosta.com\/index.php\/inscripcions\/"]}]},{"@type":"BreadcrumbList","@id":"https:\/\/sendersdecancosta.com\/index.php\/inscripcions\/#breadcrumb","itemListElement":[{"@type":"ListItem","position":1,"name":"Home","item":"https:\/\/sendersdecancosta.com\/"},{"@type":"ListItem","position":2,"name":"Inscripcions"}]},{"@type":"WebSite","@id":"https:\/\/sendersdecancosta.com\/#website","url":"https:\/\/sendersdecancosta.com\/","name":"www.sendersdecancosta.com","description":"Cursa de Trail Running a Sant Vicen\u00e7 dels Horts","publisher":{"@id":"https:\/\/sendersdecancosta.com\/#organization"},"potentialAction":[{"@type":"SearchAction","target":{"@type":"EntryPoint","urlTemplate":"https:\/\/sendersdecancosta.com\/?s={search_term_string}"},"query-input":"required name=search_term_string"}],"inLanguage":"en-US"},{"@type":"Organization","@id":"https:\/\/sendersdecancosta.com\/#organization","name":"Club Esportiu Santvi","url":"https:\/\/sendersdecancosta.com\/","logo":{"@type":"ImageObject","inLanguage":"en-US","@id":"https:\/\/sendersdecancosta.com\/#\/schema\/logo\/image\/","url":"https:\/\/sendersdecancosta.com\/wp-content\/uploads\/2023\/08\/cropped-logo_white_transparent.png","contentUrl":"https:\/\/sendersdecancosta.com\/wp-content\/uploads\/2023\/08\/cropped-logo_white_transparent.png","width":500,"height":257,"caption":"Club Esportiu Santvi"},"image":{"@id":"https:\/\/sendersdecancosta.com\/#\/schema\/logo\/image\/"},"sameAs":["https:\/\/www.facebook.com\/santvicluc.ciclista.3","https:\/\/www.instagram.com\/clubesportiusantvi"]}]}},"_links":{"self":[{"href":"https:\/\/sendersdecancosta.com\/index.php\/wp-json\/wp\/v2\/pages\/915"}],"collection":[{"href":"https:\/\/sendersdecancosta.com\/index.php\/wp-json\/wp\/v2\/pages"}],"about":[{"href":"https:\/\/sendersdecancosta.com\/index.php\/wp-json\/wp\/v2\/types\/page"}],"author":[{"embeddable":true,"href":"https:\/\/sendersdecancosta.com\/index.php\/wp-json\/wp\/v2\/users\/1"}],"replies":[{"embeddable":true,"href":"https:\/\/sendersdecancosta.com\/index.php\/wp-json\/wp\/v2\/comments?post=915"}],"version-history":[{"count":22,"href":"https:\/\/sendersdecancosta.com\/index.php\/wp-json\/wp\/v2\/pages\/915\/revisions"}],"predecessor-version":[{"id":1248,"href":"https:\/\/sendersdecancosta.com\/index.php\/wp-json\/wp\/v2\/pages\/915\/revisions\/1248"}],"wp:attachment":[{"href":"https:\/\/sendersdecancosta.com\/index.php\/wp-json\/wp\/v2\/media?parent=915"}],"curies":[{"name":"wp","href":"https:\/\/api.w.org\/{rel}","templated":true}]}}